{"id":7582,"date":"2020-03-29T13:16:50","date_gmt":"2020-03-29T11:16:50","guid":{"rendered":"http:\/\/www.lionconsulting.cz\/?page_id=7582"},"modified":"2020-12-29T16:09:28","modified_gmt":"2020-12-29T15:09:28","slug":"dane","status":"publish","type":"page","link":"https:\/\/www.lionconsulting.cz\/en\/dane\/","title":{"rendered":"Taxes"},"content":{"rendered":"<section class=\"l-section wpb_row height_auto color_primary with_img\"><div class=\"l-section-img\" style=\"background-image: url(https:\/\/www.lionconsulting.cz\/wp-content\/uploads\/2020\/06\/N\u00e1vrhov\u00e1-plocha-1-kopie-9.jpg);\" data-img-width=\"1920\" data-img-height=\"1095\"><\/div><div class=\"l-section-h i-cf\"><div class=\"g-cols vc_row type_default valign_top\"><div class=\"vc_col-sm-12 wpb_column vc_column_container\"><div class=\"vc_column-inner\"><div class=\"wpb_wrapper\"><div class=\"w-separator size_small\"><\/div><div class=\"g-cols wpb_row  type_default valign_top vc_inner\"><div class=\"vc_col-sm-8 wpb_column vc_column_container\"><div class=\"vc_column-inner\"><div class=\"wpb_wrapper\"><div class=\"wpb_text_column\"><div class=\"wpb_wrapper\"><h1 style=\"text-align: left;\">TAX PREPARATION AND CONSULTATION<\/h1>\n<\/div><\/div><\/div><\/div><\/div><div class=\"vc_col-sm-4 wpb_column vc_column_container\"><div class=\"vc_column-inner\"><div class=\"wpb_wrapper\"><\/div><\/div><\/div><\/div><div class=\"w-separator size_small\"><\/div><div class=\"g-cols wpb_row  type_default valign_top vc_inner\"><div class=\"vc_col-sm-10 wpb_column vc_column_container\"><div class=\"vc_column-inner\"><div class=\"wpb_wrapper\"><div class=\"wpb_text_column\"><div class=\"wpb_wrapper\"><h2 style=\"text-align: left;\">Don\u2019t let taxes take you by surprise<\/h2>\n<\/div><\/div><\/div><\/div><\/div><div class=\"vc_col-sm-2 wpb_column vc_column_container\"><div class=\"vc_column-inner\"><div class=\"wpb_wrapper\"><\/div><\/div><\/div><\/div><div class=\"w-separator size_large\"><\/div><div class=\"g-cols wpb_row  type_default valign_top vc_inner\"><div class=\"vc_col-sm-10 wpb_column vc_column_container\"><div class=\"vc_column-inner\"><div class=\"wpb_wrapper\"><div class=\"wpb_text_column\"><div class=\"wpb_wrapper\"><p>We will help you find ways to save on your taxes, file all necessary tax forms, and can represent you in dealing with the financial offices. We file taxes for individuals as well as corporations. Naturally, every taxpayer wishes to pay the least amount in taxes. In order to help you with this, it is necessary to consider a broader range of options and often, think in the long-term. It is not always true that savings on your taxes in one tax period is beneficial long-term. The better we get to know your situation, the more effectively we can minimize your tax burden.<\/p>\n<\/div><\/div><\/div><\/div><\/div><div class=\"vc_col-sm-2 wpb_column vc_column_container\"><div class=\"vc_column-inner\"><div class=\"wpb_wrapper\"><\/div><\/div><\/div><\/div><div class=\"w-separator size_huge\"><\/div><\/div><\/div><\/div><\/div><\/div><\/section><section class=\"l-section wpb_row height_medium\"><div class=\"l-section-h i-cf\"><div class=\"g-cols vc_row type_default valign_top\"><div class=\"vc_col-sm-6 wpb_column vc_column_container\"><div class=\"vc_column-inner\"><div class=\"wpb_wrapper\"><div class=\"w-separator size_medium\"><\/div><div class=\"wpb_text_column\"><div class=\"wpb_wrapper\"><h3><span style=\"color: #287390;\">Our clients and services we frequently provide<\/span><\/h3>\n<\/div><\/div><div class=\"w-separator size_small\"><\/div><div class=\"wpb_text_column us_custom_bbf1eb5c\"><div class=\"wpb_wrapper\"><p>VAT declaration and control statement\u00a0 <span style=\"color: #006d7d;\"><span style=\"color: #287390;\">\u2022<\/span>\u00a0<\/span> Individual and corporate income taxes\u00a0 <span style=\"color: #006d7d;\"><span style=\"color: #287390;\">\u2022<\/span>\u00a0<\/span> Tax registration\u00a0 <span style=\"color: #006d7d;\"><span style=\"color: #287390;\">\u2022<\/span>\u00a0<\/span> Extension of deadline for filing a tax return\u00a0 <span style=\"color: #006d7d;\"><span style=\"color: #287390;\">\u2022<\/span>\u00a0<\/span> Road tax <span style=\"color: #006d7d;\"><span style=\"color: #287390;\">\u2022<\/span> <\/span>Tax advisory <span style=\"color: #006d7d;\"><span style=\"color: #287390;\">\u2022<\/span> <\/span>Representation at state offices (Financial, social security, health insurance, etc.) \u00a0<span style=\"color: #006d7d;\"><span style=\"color: #287390;\">\u2022<\/span>\u00a0 <\/span>Tax deductions\u00a0\u00a0<span style=\"color: #006d7d;\"><span style=\"color: #287390;\">\u2022<\/span>\u00a0<\/span> Statistical reports\u00a0 <span style=\"color: #006d7d;\"><span style=\"color: #287390;\">\u2022<\/span>\u00a0\u00a0<\/span>Consulting and advising<\/p>\n<\/div><\/div><div class=\"w-separator size_medium\"><\/div><\/div><\/div><\/div><div class=\"vc_col-sm-6 wpb_column vc_column_container\"><div class=\"vc_column-inner\"><div class=\"wpb_wrapper\"><div class=\"g-cols wpb_row  type_default valign_top vc_inner\"><div class=\"vc_col-sm-12 wpb_column vc_column_container\"><div class=\"vc_column-inner\"><div class=\"wpb_wrapper\"><div class=\"w-image align_center\"><div class=\"w-image-h\"><img width=\"2560\" height=\"1441\" src=\"https:\/\/www.lionconsulting.cz\/wp-content\/uploads\/2020\/06\/shutterstock_1305374776-scaled.jpg\" class=\"attachment-full size-full\" alt=\"\" srcset=\"https:\/\/www.lionconsulting.cz\/wp-content\/uploads\/2020\/06\/shutterstock_1305374776-scaled.jpg 2560w, https:\/\/www.lionconsulting.cz\/wp-content\/uploads\/2020\/06\/shutterstock_1305374776-300x169.jpg 300w, https:\/\/www.lionconsulting.cz\/wp-content\/uploads\/2020\/06\/shutterstock_1305374776-1024x576.jpg 1024w, https:\/\/www.lionconsulting.cz\/wp-content\/uploads\/2020\/06\/shutterstock_1305374776-1536x865.jpg 1536w, https:\/\/www.lionconsulting.cz\/wp-content\/uploads\/2020\/06\/shutterstock_1305374776-2048x1153.jpg 2048w\" sizes=\"(max-width: 2560px) 100vw, 2560px\" \/><\/div><\/div><\/div><\/div><\/div><\/div><\/div><\/div><\/div><\/div><\/div><\/section><section class=\"l-section wpb_row height_medium with_overlay\"><div class=\"l-section-overlay\" style=\"background: #eef4f6\"><\/div><div class=\"l-section-h i-cf\"><div class=\"g-cols vc_row type_default valign_top\"><div class=\"vc_col-sm-12 wpb_column vc_column_container\"><div class=\"vc_column-inner\"><div class=\"wpb_wrapper\"><div class=\"wpb_text_column\"><div class=\"wpb_wrapper\"><h3 style=\"text-align: center;\"><span style=\"color: #006d7d;\">The more we become familiar with your situation, the more effectively we can minimize your tax burden.<\/span><\/h3>\n<\/div><\/div><\/div><\/div><\/div><\/div><\/div><\/section><section class=\"l-section wpb_row height_medium\"><div class=\"l-section-h i-cf\"><div class=\"g-cols vc_row type_default valign_top\"><div class=\"vc_col-sm-12 wpb_column vc_column_container\"><div class=\"vc_column-inner\"><div class=\"wpb_wrapper\"><div class=\"wpb_text_column\"><div class=\"wpb_wrapper\"><h3 style=\"text-align: center;\">Are you interested in our tax related services?<\/h3>\n<h4 style=\"text-align: center;\"><span style=\"color: #006c7d;\">Call us\u00a0\u00a0<strong>+420 773 029 524<\/strong><\/span><br \/>\n<span style=\"color: #006c7d;\">or write us at <a href=\"mailto:info@lionconsulting.cz\"><strong>info@lionconsulting.cz<\/strong><\/a><\/span><\/h4>\n<p style=\"text-align: center;\">We will contact you as soon as possible and connect you with our tax advisers.<\/p>\n<\/div><\/div><div class=\"g-cols wpb_row  type_default valign_top vc_inner\"><div class=\"vc_col-sm-3 wpb_column vc_column_container\"><div class=\"vc_column-inner\"><div class=\"wpb_wrapper\"><\/div><\/div><\/div><div class=\"vc_col-sm-6 wpb_column vc_column_container\"><div class=\"vc_column-inner\"><div class=\"wpb_wrapper\"><div class=\"w-separator size_large\"><\/div><div class=\"w-form for_cform  us_custom_e5aea6d2 layout_ver us_form_1\">\r\n\t<form class=\"w-form-h\" autocomplete=\"off\" action=\"https:\/\/www.lionconsulting.cz\/en\/wp-json\/wp\/v2\/pages\/7582\" method=\"post\" data-trp-original-action=\"https:\/\/www.lionconsulting.cz\/en\/wp-json\/wp\/v2\/pages\/7582\">\r\n\t\t\t\t<div class=\"w-form-row for_text\">\r\n\t\t<div class=\"w-form-row-field\">\r\n\t\t\t\t<input type=\"text\" name=\"us_form_1_text_1\" aria-label=\"Subject\" value=\"\" placeholder=\"Subject\"\/>\r\n\t\t\t<\/div>\r\n\t\t<div class=\"w-form-row-state\">Fill out this field<\/div>\r\n<\/div>\r\n\t\t<div class=\"w-form-row for_email\">\r\n\t\t<div class=\"w-form-row-field\">\r\n\t\t\t\t<input type=\"email\" name=\"us_form_1_email_1\" aria-label=\"Email\" value=\"\" placeholder=\"Email\"\/>\r\n\t\t\t<\/div>\r\n\t\t<div class=\"w-form-row-state\">Please enter a valid email address.<\/div>\r\n<\/div>\r\n\t\t<div class=\"w-form-row for_textarea\">\r\n\t\t<div class=\"w-form-row-field\">\r\n\t\t\t\t<textarea  name=\"us_form_1_textarea_1\" aria-label=\"Your message\" placeholder=\"Your message\"><\/textarea>\r\n\t\t\t<\/div>\r\n\t\t<div class=\"w-form-row-state\">Fill out this field<\/div>\r\n<\/div>\r\n\t\t<input type=\"hidden\" name=\"action\" value=\"us_ajax_cform\" \/>\r\n\t\t<input type=\"hidden\" name=\"post_id\" value=\"7582\" \/>\r\n\t\t<input type=\"hidden\" name=\"form_index\" value=\"1\" \/>\r\n\t\t<div class=\"w-form-row for_submit align_right\">\r\n\t<div class=\"w-form-row-field\">\r\n\t\t\t\t<button class=\"w-btn  us-btn-style_1\" type=\"submit\" aria-label=\"Submit\">\r\n\t\t\t<span class=\"g-preloader type_1\"><\/span>\r\n\t\t\t\t\t\t<span class=\"w-btn-label\">Submit<\/span>\r\n\t\t\t\t\t<\/button>\r\n\t<\/div>\r\n<\/div>\r\n\t\t\t\t\t<input type=\"hidden\" name=\"trp-form-language\" value=\"en\"\/><\/form>\r\n\t<div class=\"w-form-message\"><\/div>\r\n\t<div class=\"w-form-json hidden\" onclick='return {&quot;ajaxurl&quot;:&quot;https:\\\/\\\/www.lionconsulting.cz\\\/wp-admin\\\/admin-ajax.php&quot;}'><\/div>\r\n<\/div><\/div><\/div><\/div><div class=\"vc_col-sm-3 wpb_column vc_column_container\"><div class=\"vc_column-inner\"><div class=\"wpb_wrapper\"><\/div><\/div><\/div><\/div><\/div><\/div><\/div><\/div><\/div><\/section>","protected":false},"excerpt":{"rendered":"DAN\u011a A PORADENSTV\u00cd Nenechte se dan\u011bmi p\u0159ekvapit Pom\u016f\u017eeme v\u00e1m naj\u00edt vhodn\u00e9 da\u0148ov\u00e9 \u00faspory, zpracujeme ve\u0161ker\u00e9 typy da\u0148ov\u00fdch p\u0159izn\u00e1n\u00ed a p\u0159i jedn\u00e1n\u00ed s finan\u010dn\u00edm \u00fa\u0159adem v\u00e1s m\u016f\u017eeme zastoupit. Dan\u011b zpracov\u00e1v\u00e1me pro fyzick\u00e9 i pr\u00e1vnick\u00e9 osoby. Je p\u0159irozen\u00e9, \u017ee v z\u00e1jmu ka\u017ed\u00e9ho je zaplatit na dan\u00edch co nejm\u00e9n\u011b. Ne v\u017edy v\u0161ak plat\u00ed, \u017ee da\u0148ov\u00e1 \u00faspora za jedno...","protected":false},"author":1,"featured_media":0,"parent":0,"menu_order":0,"comment_status":"closed","ping_status":"closed","template":"","meta":[],"yoast_head":"<!-- This site is optimized with the Yoast SEO plugin v16.9 - https:\/\/yoast.com\/wordpress\/plugins\/seo\/ -->\n<title>Dan\u011b &middot; Lion Consulting<\/title>\n<meta name=\"robots\" content=\"index, follow, max-snippet:-1, max-image-preview:large, max-video-preview:-1\" \/>\n<link rel=\"canonical\" href=\"https:\/\/www.lionconsulting.cz\/en\/dane\/\" \/>\n<meta property=\"og:locale\" content=\"en_GB\" \/>\n<meta property=\"og:type\" content=\"article\" \/>\n<meta property=\"og:title\" content=\"Dan\u011b &middot; Lion Consulting\" \/>\n<meta property=\"og:url\" content=\"https:\/\/www.lionconsulting.cz\/en\/dane\/\" \/>\n<meta property=\"og:site_name\" content=\"Lion Consulting\" \/>\n<meta property=\"article:modified_time\" content=\"2020-12-29T15:09:28+00:00\" \/>\n<meta name=\"twitter:card\" content=\"summary_large_image\" \/>\n<meta name=\"twitter:label1\" content=\"Estimated reading time\" \/>\n\t<meta name=\"twitter:data1\" content=\"3 minutes\" \/>\n<script type=\"application\/ld+json\" class=\"yoast-schema-graph\">{\"@context\":\"https:\/\/schema.org\",\"@graph\":[{\"@type\":\"Organization\",\"@id\":\"https:\/\/www.lionconsulting.cz\/#organization\",\"name\":\"Lion Consulting s.r.o.\",\"url\":\"https:\/\/www.lionconsulting.cz\/\",\"sameAs\":[],\"logo\":{\"@type\":\"ImageObject\",\"@id\":\"https:\/\/www.lionconsulting.cz\/#logo\",\"inLanguage\":\"en-GB\",\"url\":\"https:\/\/www.lionconsulting.cz\/wp-content\/uploads\/2020\/03\/logo-v6.jpg\",\"contentUrl\":\"https:\/\/www.lionconsulting.cz\/wp-content\/uploads\/2020\/03\/logo-v6.jpg\",\"width\":1476,\"height\":482,\"caption\":\"Lion Consulting s.r.o.\"},\"image\":{\"@id\":\"https:\/\/www.lionconsulting.cz\/#logo\"}},{\"@type\":\"WebSite\",\"@id\":\"https:\/\/www.lionconsulting.cz\/#website\",\"url\":\"https:\/\/www.lionconsulting.cz\/\",\"name\":\"Lion Consulting\",\"description\":\"\\u00da\\u010detnictv\\u00ed, dan\\u011b, mzdy a personalistika\",\"publisher\":{\"@id\":\"https:\/\/www.lionconsulting.cz\/#organization\"},\"potentialAction\":[{\"@type\":\"SearchAction\",\"target\":{\"@type\":\"EntryPoint\",\"urlTemplate\":\"https:\/\/www.lionconsulting.cz\/?s={search_term_string}\"},\"query-input\":\"required name=search_term_string\"}],\"inLanguage\":\"en-GB\"},{\"@type\":\"WebPage\",\"@id\":\"https:\/\/www.lionconsulting.cz\/dane\/#webpage\",\"url\":\"https:\/\/www.lionconsulting.cz\/dane\/\",\"name\":\"Dan\\u011b &middot; Lion Consulting\",\"isPartOf\":{\"@id\":\"https:\/\/www.lionconsulting.cz\/#website\"},\"datePublished\":\"2020-03-29T11:16:50+00:00\",\"dateModified\":\"2020-12-29T15:09:28+00:00\",\"breadcrumb\":{\"@id\":\"https:\/\/www.lionconsulting.cz\/dane\/#breadcrumb\"},\"inLanguage\":\"en-GB\",\"potentialAction\":[{\"@type\":\"ReadAction\",\"target\":[\"https:\/\/www.lionconsulting.cz\/dane\/\"]}]},{\"@type\":\"BreadcrumbList\",\"@id\":\"https:\/\/www.lionconsulting.cz\/dane\/#breadcrumb\",\"itemListElement\":[{\"@type\":\"ListItem\",\"position\":1,\"name\":\"Dom\\u016f\",\"item\":\"https:\/\/www.lionconsulting.cz\/\"},{\"@type\":\"ListItem\",\"position\":2,\"name\":\"Dan\\u011b\"}]}]}<\/script>\n<!-- \/ Yoast SEO plugin. -->","yoast_head_json":{"title":"Dan\u011b &middot; Lion Consulting","robots":{"index":"index","follow":"follow","max-snippet":"max-snippet:-1","max-image-preview":"max-image-preview:large","max-video-preview":"max-video-preview:-1"},"canonical":"https:\/\/www.lionconsulting.cz\/en\/dane\/","og_locale":"en_GB","og_type":"article","og_title":"Dan\u011b &middot; Lion Consulting","og_url":"https:\/\/www.lionconsulting.cz\/en\/dane\/","og_site_name":"Lion Consulting","article_modified_time":"2020-12-29T15:09:28+00:00","twitter_card":"summary_large_image","twitter_misc":{"Estimated reading time":"3 minutes"},"schema":{"@context":"https:\/\/schema.org","@graph":[{"@type":"Organization","@id":"https:\/\/www.lionconsulting.cz\/#organization","name":"Lion Consulting s.r.o.","url":"https:\/\/www.lionconsulting.cz\/","sameAs":[],"logo":{"@type":"ImageObject","@id":"https:\/\/www.lionconsulting.cz\/#logo","inLanguage":"en-GB","url":"https:\/\/www.lionconsulting.cz\/wp-content\/uploads\/2020\/03\/logo-v6.jpg","contentUrl":"https:\/\/www.lionconsulting.cz\/wp-content\/uploads\/2020\/03\/logo-v6.jpg","width":1476,"height":482,"caption":"Lion Consulting s.r.o."},"image":{"@id":"https:\/\/www.lionconsulting.cz\/#logo"}},{"@type":"WebSite","@id":"https:\/\/www.lionconsulting.cz\/#website","url":"https:\/\/www.lionconsulting.cz\/","name":"Lion Consulting","description":"\u00da\u010detnictv\u00ed, dan\u011b, mzdy a personalistika","publisher":{"@id":"https:\/\/www.lionconsulting.cz\/#organization"},"potentialAction":[{"@type":"SearchAction","target":{"@type":"EntryPoint","urlTemplate":"https:\/\/www.lionconsulting.cz\/?s={search_term_string}"},"query-input":"required name=search_term_string"}],"inLanguage":"en-GB"},{"@type":"WebPage","@id":"https:\/\/www.lionconsulting.cz\/dane\/#webpage","url":"https:\/\/www.lionconsulting.cz\/dane\/","name":"Dan\u011b &middot; Lion Consulting","isPartOf":{"@id":"https:\/\/www.lionconsulting.cz\/#website"},"datePublished":"2020-03-29T11:16:50+00:00","dateModified":"2020-12-29T15:09:28+00:00","breadcrumb":{"@id":"https:\/\/www.lionconsulting.cz\/dane\/#breadcrumb"},"inLanguage":"en-GB","potentialAction":[{"@type":"ReadAction","target":["https:\/\/www.lionconsulting.cz\/dane\/"]}]},{"@type":"BreadcrumbList","@id":"https:\/\/www.lionconsulting.cz\/dane\/#breadcrumb","itemListElement":[{"@type":"ListItem","position":1,"name":"Dom\u016f","item":"https:\/\/www.lionconsulting.cz\/"},{"@type":"ListItem","position":2,"name":"Dan\u011b"}]}]}},"_links":{"self":[{"href":"https:\/\/www.lionconsulting.cz\/en\/wp-json\/wp\/v2\/pages\/7582"}],"collection":[{"href":"https:\/\/www.lionconsulting.cz\/en\/wp-json\/wp\/v2\/pages"}],"about":[{"href":"https:\/\/www.lionconsulting.cz\/en\/wp-json\/wp\/v2\/types\/page"}],"author":[{"embeddable":true,"href":"https:\/\/www.lionconsulting.cz\/en\/wp-json\/wp\/v2\/users\/1"}],"replies":[{"embeddable":true,"href":"https:\/\/www.lionconsulting.cz\/en\/wp-json\/wp\/v2\/comments?post=7582"}],"version-history":[{"count":103,"href":"https:\/\/www.lionconsulting.cz\/en\/wp-json\/wp\/v2\/pages\/7582\/revisions"}],"predecessor-version":[{"id":8522,"href":"https:\/\/www.lionconsulting.cz\/en\/wp-json\/wp\/v2\/pages\/7582\/revisions\/8522"}],"wp:attachment":[{"href":"https:\/\/www.lionconsulting.cz\/en\/wp-json\/wp\/v2\/media?parent=7582"}],"curies":[{"name":"wp","href":"https:\/\/api.w.org\/{rel}","templated":true}]}}