{"id":421,"date":"2013-06-13T07:48:46","date_gmt":"2013-06-13T07:48:46","guid":{"rendered":"http:\/\/impreza.us-themes.net\/home-landing-page\/"},"modified":"2020-12-29T16:07:54","modified_gmt":"2020-12-29T15:07:54","slug":"vedeni-ucetnictvi","status":"publish","type":"page","link":"https:\/\/www.lionconsulting.cz\/en\/vedeni-ucetnictvi\/","title":{"rendered":"Veden\u00ed \u00fa\u010detnictv\u00ed"},"content":{"rendered":"<section class=\"l-section wpb_row height_auto color_primary with_img\"><div class=\"l-section-img\" style=\"background-image: url(https:\/\/www.lionconsulting.cz\/wp-content\/uploads\/2020\/06\/N\u00e1vrhov\u00e1-plocha-1-kopie-7.jpg);\" data-img-width=\"1920\" data-img-height=\"1095\"><\/div><div class=\"l-section-h i-cf\"><div class=\"g-cols vc_row type_default valign_top\"><div class=\"vc_col-sm-12 wpb_column vc_column_container\"><div class=\"vc_column-inner\"><div class=\"wpb_wrapper\"><div class=\"w-separator size_small\"><\/div><div class=\"g-cols wpb_row  type_default valign_top vc_inner\"><div class=\"vc_col-sm-8 wpb_column vc_column_container\"><div class=\"vc_column-inner\"><div class=\"wpb_wrapper\"><div class=\"wpb_text_column\"><div class=\"wpb_wrapper\"><h1 style=\"text-align: left;\">ACCOUNTING<\/h1>\n<\/div><\/div><\/div><\/div><\/div><div class=\"vc_col-sm-4 wpb_column vc_column_container\"><div class=\"vc_column-inner\"><div class=\"wpb_wrapper\"><\/div><\/div><\/div><\/div><div class=\"w-separator size_small\"><\/div><div class=\"g-cols wpb_row  type_default valign_top vc_inner\"><div class=\"vc_col-sm-10 wpb_column vc_column_container\"><div class=\"vc_column-inner\"><div class=\"wpb_wrapper\"><div class=\"wpb_text_column\"><div class=\"wpb_wrapper\"><h2 style=\"text-align: left;\">Are you searching for a reliable partner for your accounting?<\/h2>\n<\/div><\/div><div class=\"w-separator size_medium\"><\/div><div class=\"wpb_text_column\"><div class=\"wpb_wrapper\"><h3 style=\"text-align: left;\">No need to wait for the end of the year.<\/h3>\n<\/div><\/div><\/div><\/div><\/div><div class=\"vc_col-sm-2 wpb_column vc_column_container\"><div class=\"vc_column-inner\"><div class=\"wpb_wrapper\"><\/div><\/div><\/div><\/div><div class=\"w-separator size_small\"><\/div><div class=\"g-cols wpb_row  type_default valign_top vc_inner\"><div class=\"vc_col-sm-10 wpb_column vc_column_container\"><div class=\"vc_column-inner\"><div class=\"wpb_wrapper\"><div class=\"wpb_text_column\"><div class=\"wpb_wrapper\"><p>We will adapt the scope and method of accounting to your needs, as well as provide proper output and reporting. We will handle your accounting needs whether you are a small-business owner, small- or medium-sized company, municipality, school, or association.  We are able to prepare basic financial analyses and financial planning in order to support the management of your finances.  Do you need financial help? Contact us with no obligation.  It is unnecessary for you to focus on details and waste time. In just a short amount of time, we can identify your needs, as well as offer our customized services.  Your accounting worries are a thing of the past.<\/p>\n<\/div><\/div><\/div><\/div><\/div><div class=\"vc_col-sm-2 wpb_column vc_column_container\"><div class=\"vc_column-inner\"><div class=\"wpb_wrapper\"><\/div><\/div><\/div><\/div><div class=\"w-separator size_huge\"><\/div><\/div><\/div><\/div><\/div><\/div><\/section><section class=\"l-section wpb_row height_medium\"><div class=\"l-section-h i-cf\"><div class=\"g-cols vc_row type_default valign_top\"><div class=\"vc_col-sm-6 wpb_column vc_column_container\"><div class=\"vc_column-inner\"><div class=\"wpb_wrapper\"><div class=\"w-separator size_medium\"><\/div><div class=\"wpb_text_column\"><div class=\"wpb_wrapper\"><h3><span style=\"color: #aa1216;\">Our clients and services we frequently provide<\/span><\/h3>\n<\/div><\/div><div class=\"w-separator size_small\"><\/div><div class=\"wpb_text_column us_custom_bbf1eb5c\"><div class=\"wpb_wrapper\"><p>Tax records\u00a0 <span style=\"color: #006d7d;\"><span style=\"color: #aa1216;\">\u2022<\/span>\u00a0<\/span> Accounting for limited liability companies (s.r.o) <span style=\"color: #006d7d;\"><span style=\"color: #aa1216;\">\u2022<\/span>\u00a0<\/span> OSV\u010c (\u017eivno)<span style=\"color: #006d7d;\"><span style=\"color: #aa1216;\">\u2022<\/span> <\/span>Financial closing reports, including statements\u00a0 <span style=\"color: #006d7d;\"><span style=\"color: #aa1216;\">\u2022<\/span>\u00a0<\/span> Online access 24\/7\u00a0 <span style=\"color: #006d7d;\"><span style=\"color: #aa1216;\">\u2022<\/span>\u00a0<\/span> Financial analysis and planning\u00a0 <span style=\"color: #006d7d;\"><span style=\"color: #aa1216;\">\u2022<\/span>\u00a0 <\/span>Consulting and advising\u00a0 <span style=\"color: #006d7d;\"><span style=\"color: #aa1216;\">\u2022<\/span>\u00a0<\/span> Statistical reports\u00a0 <span style=\"color: #006d7d;\"><span style=\"color: #aa1216;\">\u2022<\/span>\u00a0\u00a0<\/span>Representation at state offices (Financial, social security, health insurance, etc.)\u00a0 <span style=\"color: #006d7d;\"><span style=\"color: #aa1216;\">\u2022<\/span>\u00a0\u00a0<\/span>Simple accounting\u00a0 <span style=\"color: #006d7d;\"><span style=\"color: #aa1216;\">\u2022<\/span>\u00a0 <\/span>Internal regulations <span style=\"color: #006d7d;\"><span style=\"color: #aa1216;\">\u2022 <\/span><\/span>Prague 6, Prague 1 or anywhere else<\/p>\n<\/div><\/div><div class=\"w-separator size_medium\"><\/div><\/div><\/div><\/div><div class=\"vc_col-sm-6 wpb_column vc_column_container\"><div class=\"vc_column-inner\"><div class=\"wpb_wrapper\"><div class=\"g-cols wpb_row  type_default valign_top vc_inner\"><div class=\"vc_col-sm-12 wpb_column vc_column_container\"><div class=\"vc_column-inner\"><div class=\"wpb_wrapper\"><div class=\"w-image align_center\"><div class=\"w-image-h\"><img width=\"2560\" height=\"1707\" src=\"https:\/\/www.lionconsulting.cz\/wp-content\/uploads\/2020\/06\/shutterstock_1272564385-scaled.jpg\" class=\"attachment-full size-full\" alt=\"\" srcset=\"https:\/\/www.lionconsulting.cz\/wp-content\/uploads\/2020\/06\/shutterstock_1272564385-scaled.jpg 2560w, https:\/\/www.lionconsulting.cz\/wp-content\/uploads\/2020\/06\/shutterstock_1272564385-300x200.jpg 300w, https:\/\/www.lionconsulting.cz\/wp-content\/uploads\/2020\/06\/shutterstock_1272564385-1024x683.jpg 1024w, https:\/\/www.lionconsulting.cz\/wp-content\/uploads\/2020\/06\/shutterstock_1272564385-1536x1024.jpg 1536w, https:\/\/www.lionconsulting.cz\/wp-content\/uploads\/2020\/06\/shutterstock_1272564385-2048x1366.jpg 2048w\" sizes=\"(max-width: 2560px) 100vw, 2560px\" \/><\/div><\/div><\/div><\/div><\/div><\/div><\/div><\/div><\/div><\/div><\/div><\/section><section class=\"l-section wpb_row height_medium with_overlay\"><div class=\"l-section-overlay\" style=\"background: #eef4f6\"><\/div><div class=\"l-section-h i-cf\"><div class=\"g-cols vc_row type_default valign_top\"><div class=\"vc_col-sm-12 wpb_column vc_column_container\"><div class=\"vc_column-inner\"><div class=\"wpb_wrapper\"><div class=\"wpb_text_column\"><div class=\"wpb_wrapper\"><h3 style=\"text-align: center;\"><span style=\"color: #006d7d;\">Our accounting firm\u2019s main office is located in Prague 6. However, we also provide online accounting so we are able to handle your needs wherever you are located.<\/span><\/h3>\n<\/div><\/div><\/div><\/div><\/div><\/div><\/div><\/section><section class=\"l-section wpb_row height_medium\"><div class=\"l-section-h i-cf\"><div class=\"g-cols vc_row type_default valign_top\"><div class=\"vc_col-sm-12 wpb_column vc_column_container\"><div class=\"vc_column-inner\"><div class=\"wpb_wrapper\"><div class=\"wpb_text_column\"><div class=\"wpb_wrapper\"><h3 style=\"text-align: center;\">Are you interested in account management online? Or would you rather have an in-person consultation?<\/h3>\n<h4 style=\"text-align: center;\"><span style=\"color: #006d7d;\">Call us\u00a0\u00a0<strong>+420 773 029 524<\/strong><\/span><br \/>\n<span style=\"color: #006d7d;\">or write us at <a style=\"color: #006d7d;\" href=\"mailto:info@lionconsulting.cz\"><strong>info@lionconsulting.cz<\/strong><\/a><\/span><\/h4>\n<p style=\"text-align: center;\">We will contact you as soon as possible and create a customized plan for you.<\/p>\n<\/div><\/div><div class=\"g-cols wpb_row  type_default valign_top vc_inner\"><div class=\"vc_col-sm-3 wpb_column vc_column_container\"><div class=\"vc_column-inner\"><div class=\"wpb_wrapper\"><\/div><\/div><\/div><div class=\"vc_col-sm-6 wpb_column vc_column_container\"><div class=\"vc_column-inner\"><div class=\"wpb_wrapper\"><div class=\"w-separator size_large\"><\/div><div class=\"w-form for_cform  us_custom_e5aea6d2 layout_ver us_form_1\">\r\n\t<form class=\"w-form-h\" autocomplete=\"off\" action=\"https:\/\/www.lionconsulting.cz\/en\/wp-json\/wp\/v2\/pages\/421\" method=\"post\" data-trp-original-action=\"https:\/\/www.lionconsulting.cz\/en\/wp-json\/wp\/v2\/pages\/421\">\r\n\t\t\t\t<div class=\"w-form-row for_text\">\r\n\t\t<div class=\"w-form-row-field\">\r\n\t\t\t\t<input type=\"text\" name=\"us_form_1_text_1\" aria-label=\"Subject\" value=\"\" placeholder=\"Subject\"\/>\r\n\t\t\t<\/div>\r\n\t\t<div class=\"w-form-row-state\">Fill out this field<\/div>\r\n<\/div>\r\n\t\t<div class=\"w-form-row for_email\">\r\n\t\t<div class=\"w-form-row-field\">\r\n\t\t\t\t<input type=\"email\" name=\"us_form_1_email_1\" aria-label=\"Email\" value=\"\" placeholder=\"Email\"\/>\r\n\t\t\t<\/div>\r\n\t\t<div class=\"w-form-row-state\">Please enter a valid email address.<\/div>\r\n<\/div>\r\n\t\t<div class=\"w-form-row for_textarea\">\r\n\t\t<div class=\"w-form-row-field\">\r\n\t\t\t\t<textarea  name=\"us_form_1_textarea_1\" aria-label=\"Your message\" placeholder=\"Your message\"><\/textarea>\r\n\t\t\t<\/div>\r\n\t\t<div class=\"w-form-row-state\">Fill out this field<\/div>\r\n<\/div>\r\n\t\t<input type=\"hidden\" name=\"action\" value=\"us_ajax_cform\" \/>\r\n\t\t<input type=\"hidden\" name=\"post_id\" value=\"421\" \/>\r\n\t\t<input type=\"hidden\" name=\"form_index\" value=\"1\" \/>\r\n\t\t<div class=\"w-form-row for_submit align_right\">\r\n\t<div class=\"w-form-row-field\">\r\n\t\t\t\t<button class=\"w-btn  us-btn-style_1\" type=\"submit\" aria-label=\"Submit\">\r\n\t\t\t<span class=\"g-preloader type_1\"><\/span>\r\n\t\t\t\t\t\t<span class=\"w-btn-label\">Submit<\/span>\r\n\t\t\t\t\t<\/button>\r\n\t<\/div>\r\n<\/div>\r\n\t\t\t\t\t<input type=\"hidden\" name=\"trp-form-language\" value=\"en\"\/><\/form>\r\n\t<div class=\"w-form-message\"><\/div>\r\n\t<div class=\"w-form-json hidden\" onclick='return {&quot;ajaxurl&quot;:&quot;https:\\\/\\\/www.lionconsulting.cz\\\/wp-admin\\\/admin-ajax.php&quot;}'><\/div>\r\n<\/div><\/div><\/div><\/div><div class=\"vc_col-sm-3 wpb_column vc_column_container\"><div class=\"vc_column-inner\"><div class=\"wpb_wrapper\"><\/div><\/div><\/div><\/div>\n\t<div class=\"wpb_raw_code wpb_content_element wpb_raw_html us_custom_eb849559\" >\n\t\t<div class=\"wpb_wrapper\">\n\t\t\t<a href=\"https:\/\/www.stormware.cz\"><img alt=\"\" src=\"https:\/\/www.stormware.cz\/image\/ostatni\/BtnPOHODA2.png\" style=\"vertical-align:middle;\"><\/a><a href=\"https:\/\/www.stormware.cz\" style=\"font-family: 'Roboto', Arial, sans-serif; color: #03a9f4; font-size: 15px; padding: 10px 10px 0; display: inline-block;\">Supported by POHODA<\/a>\n\t\t<\/div>\n\t<\/div>\n<\/div><\/div><\/div><\/div><\/div><\/section>","protected":false},"excerpt":{"rendered":"\u00da\u010cETNICTV\u00cd Hled\u00e1te spolehliv\u00e9ho partnera pro veden\u00ed \u00fa\u010detnictv\u00ed? Zm\u011bna je mo\u017en\u00e1 kdykoliv v pr\u016fb\u011bhu roku. Rozsah a zp\u016fsob veden\u00ed \u00fa\u010detnictv\u00ed p\u0159izp\u016fsob\u00edme va\u0161im po\u017eadavk\u016fm, a\u0165 jste drobn\u00fd podnikatel &#8211; OSV\u010c, mal\u00e1 \u010di st\u0159edn\u00ed firma &#8211; sro i jin\u00e9 formy, obec, \u0161kola, \u010di spolek. Pro podporu finan\u010dn\u00edho \u0159\u00edzen\u00ed m\u016f\u017eeme zpracovat z\u00e1kladn\u00ed finan\u010dn\u00ed anal\u00fdzy i finan\u010dn\u00ed pl\u00e1ny pro budouc\u00ed...","protected":false},"author":1,"featured_media":0,"parent":0,"menu_order":0,"comment_status":"closed","ping_status":"closed","template":"","meta":[],"yoast_head":"<!-- This site is optimized with the Yoast SEO plugin v16.9 - https:\/\/yoast.com\/wordpress\/plugins\/seo\/ -->\n<title>Veden\u00ed \u00fa\u010detnictv\u00ed on-line &middot; Lion Consulting<\/title>\n<meta name=\"description\" content=\"\u00da\u010detn\u00ed firma - Praha 1 a 6. Vedeme \u00fa\u010detnictv\u00ed pro drobn\u00e9 podnikatele, mal\u00e9 \u010di st\u0159edn\u00ed firmy, p\u0159\u00edsp\u011bvkov\u00e9 organizace i neziskovky.\" \/>\n<meta name=\"robots\" content=\"index, follow, max-snippet:-1, max-image-preview:large, max-video-preview:-1\" \/>\n<link rel=\"canonical\" href=\"https:\/\/www.lionconsulting.cz\/en\/vedeni-ucetnictvi\/\" \/>\n<meta property=\"og:locale\" content=\"en_GB\" \/>\n<meta property=\"og:type\" content=\"article\" \/>\n<meta property=\"og:title\" content=\"Veden\u00ed \u00fa\u010detnictv\u00ed on-line &middot; Lion Consulting\" \/>\n<meta property=\"og:description\" content=\"\u00da\u010detn\u00ed firma - Praha 1 a 6. Vedeme \u00fa\u010detnictv\u00ed pro drobn\u00e9 podnikatele, mal\u00e9 \u010di st\u0159edn\u00ed firmy, p\u0159\u00edsp\u011bvkov\u00e9 organizace i neziskovky.\" \/>\n<meta property=\"og:url\" content=\"https:\/\/www.lionconsulting.cz\/en\/vedeni-ucetnictvi\/\" \/>\n<meta property=\"og:site_name\" content=\"Lion Consulting\" \/>\n<meta property=\"article:modified_time\" content=\"2020-12-29T15:07:54+00:00\" \/>\n<meta name=\"twitter:card\" content=\"summary_large_image\" \/>\n<meta name=\"twitter:label1\" content=\"Estimated reading time\" \/>\n\t<meta name=\"twitter:data1\" content=\"3 minutes\" \/>\n<script type=\"application\/ld+json\" class=\"yoast-schema-graph\">{\"@context\":\"https:\/\/schema.org\",\"@graph\":[{\"@type\":\"Organization\",\"@id\":\"https:\/\/www.lionconsulting.cz\/#organization\",\"name\":\"Lion Consulting s.r.o.\",\"url\":\"https:\/\/www.lionconsulting.cz\/\",\"sameAs\":[],\"logo\":{\"@type\":\"ImageObject\",\"@id\":\"https:\/\/www.lionconsulting.cz\/#logo\",\"inLanguage\":\"en-GB\",\"url\":\"https:\/\/www.lionconsulting.cz\/wp-content\/uploads\/2020\/03\/logo-v6.jpg\",\"contentUrl\":\"https:\/\/www.lionconsulting.cz\/wp-content\/uploads\/2020\/03\/logo-v6.jpg\",\"width\":1476,\"height\":482,\"caption\":\"Lion Consulting s.r.o.\"},\"image\":{\"@id\":\"https:\/\/www.lionconsulting.cz\/#logo\"}},{\"@type\":\"WebSite\",\"@id\":\"https:\/\/www.lionconsulting.cz\/#website\",\"url\":\"https:\/\/www.lionconsulting.cz\/\",\"name\":\"Lion Consulting\",\"description\":\"\\u00da\\u010detnictv\\u00ed, dan\\u011b, mzdy a personalistika\",\"publisher\":{\"@id\":\"https:\/\/www.lionconsulting.cz\/#organization\"},\"potentialAction\":[{\"@type\":\"SearchAction\",\"target\":{\"@type\":\"EntryPoint\",\"urlTemplate\":\"https:\/\/www.lionconsulting.cz\/?s={search_term_string}\"},\"query-input\":\"required name=search_term_string\"}],\"inLanguage\":\"en-GB\"},{\"@type\":\"WebPage\",\"@id\":\"https:\/\/www.lionconsulting.cz\/vedeni-ucetnictvi\/#webpage\",\"url\":\"https:\/\/www.lionconsulting.cz\/vedeni-ucetnictvi\/\",\"name\":\"Veden\\u00ed \\u00fa\\u010detnictv\\u00ed on-line &middot; Lion Consulting\",\"isPartOf\":{\"@id\":\"https:\/\/www.lionconsulting.cz\/#website\"},\"datePublished\":\"2013-06-13T07:48:46+00:00\",\"dateModified\":\"2020-12-29T15:07:54+00:00\",\"description\":\"\\u00da\\u010detn\\u00ed firma - Praha 1 a 6. Vedeme \\u00fa\\u010detnictv\\u00ed pro drobn\\u00e9 podnikatele, mal\\u00e9 \\u010di st\\u0159edn\\u00ed firmy, p\\u0159\\u00edsp\\u011bvkov\\u00e9 organizace i neziskovky.\",\"breadcrumb\":{\"@id\":\"https:\/\/www.lionconsulting.cz\/vedeni-ucetnictvi\/#breadcrumb\"},\"inLanguage\":\"en-GB\",\"potentialAction\":[{\"@type\":\"ReadAction\",\"target\":[\"https:\/\/www.lionconsulting.cz\/vedeni-ucetnictvi\/\"]}]},{\"@type\":\"BreadcrumbList\",\"@id\":\"https:\/\/www.lionconsulting.cz\/vedeni-ucetnictvi\/#breadcrumb\",\"itemListElement\":[{\"@type\":\"ListItem\",\"position\":1,\"name\":\"Dom\\u016f\",\"item\":\"https:\/\/www.lionconsulting.cz\/\"},{\"@type\":\"ListItem\",\"position\":2,\"name\":\"Veden\\u00ed \\u00fa\\u010detnictv\\u00ed\"}]}]}<\/script>\n<!-- \/ Yoast SEO plugin. -->","yoast_head_json":{"title":"Veden\u00ed \u00fa\u010detnictv\u00ed on-line &middot; Lion Consulting","description":"\u00da\u010detn\u00ed firma - Praha 1 a 6. Vedeme \u00fa\u010detnictv\u00ed pro drobn\u00e9 podnikatele, mal\u00e9 \u010di st\u0159edn\u00ed firmy, p\u0159\u00edsp\u011bvkov\u00e9 organizace i neziskovky.","robots":{"index":"index","follow":"follow","max-snippet":"max-snippet:-1","max-image-preview":"max-image-preview:large","max-video-preview":"max-video-preview:-1"},"canonical":"https:\/\/www.lionconsulting.cz\/en\/vedeni-ucetnictvi\/","og_locale":"en_GB","og_type":"article","og_title":"Veden\u00ed \u00fa\u010detnictv\u00ed on-line &middot; Lion Consulting","og_description":"\u00da\u010detn\u00ed firma - Praha 1 a 6. Vedeme \u00fa\u010detnictv\u00ed pro drobn\u00e9 podnikatele, mal\u00e9 \u010di st\u0159edn\u00ed firmy, p\u0159\u00edsp\u011bvkov\u00e9 organizace i neziskovky.","og_url":"https:\/\/www.lionconsulting.cz\/en\/vedeni-ucetnictvi\/","og_site_name":"Lion Consulting","article_modified_time":"2020-12-29T15:07:54+00:00","twitter_card":"summary_large_image","twitter_misc":{"Estimated reading time":"3 minutes"},"schema":{"@context":"https:\/\/schema.org","@graph":[{"@type":"Organization","@id":"https:\/\/www.lionconsulting.cz\/#organization","name":"Lion Consulting s.r.o.","url":"https:\/\/www.lionconsulting.cz\/","sameAs":[],"logo":{"@type":"ImageObject","@id":"https:\/\/www.lionconsulting.cz\/#logo","inLanguage":"en-GB","url":"https:\/\/www.lionconsulting.cz\/wp-content\/uploads\/2020\/03\/logo-v6.jpg","contentUrl":"https:\/\/www.lionconsulting.cz\/wp-content\/uploads\/2020\/03\/logo-v6.jpg","width":1476,"height":482,"caption":"Lion Consulting s.r.o."},"image":{"@id":"https:\/\/www.lionconsulting.cz\/#logo"}},{"@type":"WebSite","@id":"https:\/\/www.lionconsulting.cz\/#website","url":"https:\/\/www.lionconsulting.cz\/","name":"Lion Consulting","description":"\u00da\u010detnictv\u00ed, dan\u011b, mzdy a personalistika","publisher":{"@id":"https:\/\/www.lionconsulting.cz\/#organization"},"potentialAction":[{"@type":"SearchAction","target":{"@type":"EntryPoint","urlTemplate":"https:\/\/www.lionconsulting.cz\/?s={search_term_string}"},"query-input":"required name=search_term_string"}],"inLanguage":"en-GB"},{"@type":"WebPage","@id":"https:\/\/www.lionconsulting.cz\/vedeni-ucetnictvi\/#webpage","url":"https:\/\/www.lionconsulting.cz\/vedeni-ucetnictvi\/","name":"Veden\u00ed \u00fa\u010detnictv\u00ed on-line &middot; Lion Consulting","isPartOf":{"@id":"https:\/\/www.lionconsulting.cz\/#website"},"datePublished":"2013-06-13T07:48:46+00:00","dateModified":"2020-12-29T15:07:54+00:00","description":"\u00da\u010detn\u00ed firma - Praha 1 a 6. Vedeme \u00fa\u010detnictv\u00ed pro drobn\u00e9 podnikatele, mal\u00e9 \u010di st\u0159edn\u00ed firmy, p\u0159\u00edsp\u011bvkov\u00e9 organizace i neziskovky.","breadcrumb":{"@id":"https:\/\/www.lionconsulting.cz\/vedeni-ucetnictvi\/#breadcrumb"},"inLanguage":"en-GB","potentialAction":[{"@type":"ReadAction","target":["https:\/\/www.lionconsulting.cz\/vedeni-ucetnictvi\/"]}]},{"@type":"BreadcrumbList","@id":"https:\/\/www.lionconsulting.cz\/vedeni-ucetnictvi\/#breadcrumb","itemListElement":[{"@type":"ListItem","position":1,"name":"Dom\u016f","item":"https:\/\/www.lionconsulting.cz\/"},{"@type":"ListItem","position":2,"name":"Veden\u00ed \u00fa\u010detnictv\u00ed"}]}]}},"_links":{"self":[{"href":"https:\/\/www.lionconsulting.cz\/en\/wp-json\/wp\/v2\/pages\/421"}],"collection":[{"href":"https:\/\/www.lionconsulting.cz\/en\/wp-json\/wp\/v2\/pages"}],"about":[{"href":"https:\/\/www.lionconsulting.cz\/en\/wp-json\/wp\/v2\/types\/page"}],"author":[{"embeddable":true,"href":"https:\/\/www.lionconsulting.cz\/en\/wp-json\/wp\/v2\/users\/1"}],"replies":[{"embeddable":true,"href":"https:\/\/www.lionconsulting.cz\/en\/wp-json\/wp\/v2\/comments?post=421"}],"version-history":[{"count":89,"href":"https:\/\/www.lionconsulting.cz\/en\/wp-json\/wp\/v2\/pages\/421\/revisions"}],"predecessor-version":[{"id":8521,"href":"https:\/\/www.lionconsulting.cz\/en\/wp-json\/wp\/v2\/pages\/421\/revisions\/8521"}],"wp:attachment":[{"href":"https:\/\/www.lionconsulting.cz\/en\/wp-json\/wp\/v2\/media?parent=421"}],"curies":[{"name":"wp","href":"https:\/\/api.w.org\/{rel}","templated":true}]}}