{"id":1437,"date":"2013-09-06T15:19:20","date_gmt":"2013-09-06T15:19:20","guid":{"rendered":"http:\/\/impreza.us-themes.net\/pages\/contact-2\/"},"modified":"2021-02-26T22:14:30","modified_gmt":"2021-02-26T21:14:30","slug":"kontakty","status":"publish","type":"page","link":"https:\/\/www.lionconsulting.cz\/en\/kontakty\/","title":{"rendered":"Contact"},"content":{"rendered":"<section class=\"l-section wpb_row height_medium with_img\"><div class=\"l-section-img\" style=\"background-image: url(https:\/\/www.lionconsulting.cz\/wp-content\/uploads\/2020\/06\/shutterstock_1114765139-sepia-1.jpg);\" data-img-width=\"1900\" data-img-height=\"646\"><\/div><div class=\"l-section-h i-cf\"><div class=\"g-cols vc_row type_default valign_top gap-10px\"><style>.g-cols.gap-10px{margin:0 calc(-1.5rem - 10px)}.gap-10px > .vc_column_container {padding:10px}<\/style><div class=\"vc_col-sm-12 wpb_column vc_column_container\"><div class=\"vc_column-inner\"><div class=\"wpb_wrapper\"><div class=\"wpb_text_column\"><div class=\"wpb_wrapper\"><h1><span style=\"color: #ffffff;\">You can <span style=\"color: #f0b73f;\">ac<\/span>count on us<\/span><\/h1>\n<\/div><\/div><\/div><\/div><\/div><\/div><\/div><\/section><section class=\"l-section wpb_row height_medium\"><div class=\"l-section-h i-cf\"><div class=\"g-cols vc_row type_default valign_top gap-10px\"><style>.g-cols.gap-10px{margin:0 calc(-1.5rem - 10px)}.gap-10px > .vc_column_container {padding:10px}<\/style><div class=\"vc_col-sm-6 wpb_column vc_column_container\"><div class=\"vc_column-inner\"><div class=\"wpb_wrapper\"><div class=\"wpb_text_column\"><div class=\"wpb_wrapper\"><h2><span style=\"color: #635b50;\">Contact<\/span><\/h2>\n<\/div><\/div><div class=\"w-separator size_small\"><\/div><div class=\"wpb_text_column\"><div class=\"wpb_wrapper\"><p><a href=\"mailto:info@lionconsulting.cz\">info@lionconsulting.cz<\/a><\/p>\n<\/div><\/div><div class=\"wpb_text_column\"><div class=\"wpb_wrapper\"><p><span style=\"color: #333333;\">+420 773 029 524<\/span><\/p>\n<\/div><\/div><div class=\"w-separator size_small\"><\/div><div class=\"wpb_text_column\"><div class=\"wpb_wrapper\"><p>Pobo\u010dka Praha 6:<br \/>\nNa Koc\u00ednce 210\/3<br \/>\nPraha 6 &#8211; Dejvice<\/p>\n<\/div><\/div><div class=\"w-separator size_small\"><\/div><div class=\"wpb_text_column\"><div class=\"wpb_wrapper\"><p><span style=\"color: #333333;\">Lion Consulting s.r.o.<\/span><br \/>\n<span style=\"color: #333333;\">Revolu\u010dn\u00ed 1082\/8<\/span><br \/>\n<span style=\"color: #333333;\">110 00 Prague 1<\/span><\/p>\n<\/div><\/div><div class=\"w-separator size_small\"><\/div><div class=\"wpb_text_column\"><div class=\"wpb_wrapper\"><p><span style=\"color: #333333;\">I\u010cO (CIN): 08835586<\/span><br \/>\n<span style=\"color: #333333;\">DI\u010c (VAT ID): CZ08835586<\/span><\/p>\n<\/div><\/div><div class=\"w-separator size_small\"><\/div><div class=\"wpb_text_column\"><div class=\"wpb_wrapper\"><p>Spole\u010dnost je zaps\u00e1na u MS v Praze pod zna\u010dkou 326116 C.<\/p>\n<\/div><\/div><div class=\"w-separator size_small\"><\/div><div class=\"w-socials style_default hover_slide color_link shape_square\"><div class=\"w-socials-list\"><div class=\"w-socials-item facebook\" style=\"padding:0;\"><a class=\"w-socials-item-link\" rel=\"noopener nofollow\" target=\"_blank\" href=\"https:\/\/www.facebook.com\/LionConsulting.cz\/\" title=\"Facebook\" aria-label=\"Facebook\"><span class=\"w-socials-item-link-hover\"><\/span><\/a><div class=\"w-socials-item-popup\"><span>Facebook<\/span><\/div><\/div><div class=\"w-socials-item instagram\" style=\"padding:0;\"><a class=\"w-socials-item-link\" rel=\"noopener nofollow\" target=\"_blank\" href=\"https:\/\/www.instagram.com\/lionconsulting.cz\/\" title=\"Instagram\" aria-label=\"Instagram\"><span class=\"w-socials-item-link-hover\"><\/span><\/a><div class=\"w-socials-item-popup\"><span>Instagram<\/span><\/div><\/div><div class=\"w-socials-item linkedin\" style=\"padding:0;\"><a class=\"w-socials-item-link\" rel=\"noopener nofollow\" target=\"_blank\" href=\"https:\/\/www.linkedin.com\/company\/lion-consulting-s-r-o\" title=\"LinkedIn\" aria-label=\"LinkedIn\"><span class=\"w-socials-item-link-hover\"><\/span><\/a><div class=\"w-socials-item-popup\"><span>LinkedIn<\/span><\/div><\/div><\/div><\/div><div class=\"w-separator size_small\"><\/div><div class=\"wpb_text_column\"><div class=\"wpb_wrapper\"><p><a href=\"https:\/\/www.lionconsulting.cz\/en\/newsletter\/\">Newsletter<\/a><\/p>\n<\/div><\/div><\/div><\/div><\/div><div class=\"vc_col-sm-6 wpb_column vc_column_container\"><div class=\"vc_column-inner\"><div class=\"wpb_wrapper\"><div class=\"w-separator size_small\"><\/div><div class=\"w-form for_cform  layout_ver us_form_1\">\r\n\t<form class=\"w-form-h\" autocomplete=\"off\" action=\"https:\/\/www.lionconsulting.cz\/en\/wp-json\/wp\/v2\/pages\/1437\" method=\"post\" data-trp-original-action=\"https:\/\/www.lionconsulting.cz\/en\/wp-json\/wp\/v2\/pages\/1437\">\r\n\t\t\t\t<div class=\"w-form-row for_text required with_icon\">\r\n\t\t<div class=\"w-form-row-field\">\r\n\t\t<i class=\"far fa-user\"><\/i>\t\t<input type=\"text\" name=\"us_form_1_text_1\" aria-label=\"Jm\u00e9no \/ n\u00e1zev firmy\" value=\"\" placeholder=\"Name \/ Company\" data-required=\"true\" aria-required=\"true\"\/>\r\n\t\t\t<\/div>\r\n\t\t<div class=\"w-form-row-state\">Fill out this field<\/div>\r\n<\/div>\r\n\t\t<div class=\"w-form-row for_text required with_icon cols_2\">\r\n\t\t<div class=\"w-form-row-field\">\r\n\t\t<i class=\"far fa-envelope\"><\/i>\t\t<input type=\"text\" name=\"us_form_1_text_2\" aria-label=\"Email\" value=\"\" placeholder=\"Email\" data-required=\"true\" aria-required=\"true\"\/>\r\n\t\t\t<\/div>\r\n\t\t<div class=\"w-form-row-state\">Fill out this field<\/div>\r\n<\/div>\r\n\t\t<div class=\"w-form-row for_text with_icon cols_2\">\r\n\t\t<div class=\"w-form-row-field\">\r\n\t\t<i class=\"far fa-phone\"><\/i>\t\t<input type=\"text\" name=\"us_form_1_text_3\" aria-label=\"Phone number\" value=\"\" placeholder=\"Phone number\"\/>\r\n\t\t\t<\/div>\r\n\t\t<div class=\"w-form-row-state\">Fill out this field<\/div>\r\n<\/div>\r\n\t\t<div class=\"w-form-row for_textarea with_icon\">\r\n\t\t<div class=\"w-form-row-field\">\r\n\t\t<i class=\"far fa-pencil\"><\/i>\t\t<textarea  name=\"us_form_1_textarea_1\" aria-label=\"Your message\" placeholder=\"Your message\"><\/textarea>\r\n\t\t\t<\/div>\r\n\t\t<div class=\"w-form-row-state\">Fill out this field<\/div>\r\n<\/div>\r\n\t\t<div class=\"w-form-row for_captcha has_label required with_icon\">\r\n\t<div class=\"w-form-row-label\">\r\n\t\t<span>Are you a robot? Please answer: <span>30 + 9 = ?<\/span><\/span>\r\n\t<\/div>\r\n\t<div class=\"w-form-row-field\">\r\n\t\t\t\t<input type=\"hidden\" name=\"us_form_1_captcha_1_hash\" value=\"378bd64e2fd4fefabd4649355521f8d3\" \/>\r\n\t\t<i class=\"far fa-question-circle\"><\/i>\t\t<input type=\"text\" name=\"us_form_1_captcha_1\" aria-label=\"Are you a robot? Please answer:\" placeholder=\"\" data-required=\"true\" aria-required=\"true\"\">\r\n\t\t\t<\/div>\r\n\t\t<div class=\"w-form-row-state\">Enter the equation result to proceed<\/div>\r\n<\/div>\r\n\t\t<input type=\"hidden\" name=\"action\" value=\"us_ajax_cform\" \/>\r\n\t\t<input type=\"hidden\" name=\"post_id\" value=\"1437\" \/>\r\n\t\t<input type=\"hidden\" name=\"form_index\" value=\"1\" \/>\r\n\t\t<div class=\"w-form-row for_submit align_right\">\r\n\t<div class=\"w-form-row-field\">\r\n\t\t\t\t<button class=\"w-btn  us-btn-style_1\" type=\"submit\" aria-label=\"Send\">\r\n\t\t\t<span class=\"g-preloader type_1\"><\/span>\r\n\t\t\t\t\t\t<span class=\"w-btn-label\">Send<\/span>\r\n\t\t\t\t\t<\/button>\r\n\t<\/div>\r\n<\/div>\r\n\t\t\t\t\t<input type=\"hidden\" name=\"trp-form-language\" value=\"en\"\/><\/form>\r\n\t<div class=\"w-form-message\"><\/div>\r\n\t<div class=\"w-form-json hidden\" onclick='return {&quot;ajaxurl&quot;:&quot;https:\\\/\\\/www.lionconsulting.cz\\\/wp-admin\\\/admin-ajax.php&quot;}'><\/div>\r\n<\/div><div class=\"wpb_text_column\"><div class=\"wpb_wrapper\"><p><a href=\"https:\/\/www.lionconsulting.cz\/en\/zasady-ochrany-osobnich-udaju\/\">GDPR<\/a><\/p>\n<\/div><\/div><\/div><\/div><\/div><\/div><\/div><\/section><section class=\"l-section wpb_row height_medium\"><div class=\"l-section-h i-cf\"><div class=\"g-cols vc_row type_default valign_top\"><div class=\"vc_col-sm-12 wpb_column vc_column_container\"><div class=\"vc_column-inner\"><div class=\"wpb_wrapper\"><div class=\"w-separator size_small\"><\/div><\/div><\/div><\/div><\/div><\/div><\/section>","protected":false},"excerpt":{"rendered":"You can account on us Kontakty info@lionconsulting.cz +420 773 029 524 Pobo\u010dka Praha 6: Na Koc\u00ednce 210\/3 Praha 6 &#8211; Dejvice Lion Consulting s.r.o. Revolu\u010dn\u00ed 1082\/8 110 00 Praha 1 \u2013 Nov\u00e9 M\u011bsto I\u010cO: 08835586 DI\u010c: CZ08835586 Spole\u010dnost je zaps\u00e1na u MS v Praze pod zna\u010dkou 326116 C. FacebookInstagramLinkedInNewsletter Fill out this field Fill out...","protected":false},"author":1,"featured_media":0,"parent":0,"menu_order":0,"comment_status":"closed","ping_status":"closed","template":"","meta":[],"yoast_head":"<!-- This site is optimized with the Yoast SEO plugin v16.9 - https:\/\/yoast.com\/wordpress\/plugins\/seo\/ -->\n<title>Kontakty &middot; Lion Consulting<\/title>\n<meta name=\"robots\" content=\"index, follow, max-snippet:-1, max-image-preview:large, max-video-preview:-1\" \/>\n<link rel=\"canonical\" href=\"https:\/\/www.lionconsulting.cz\/en\/kontakty\/\" \/>\n<meta property=\"og:locale\" content=\"en_GB\" \/>\n<meta property=\"og:type\" content=\"article\" \/>\n<meta property=\"og:title\" content=\"Kontakty &middot; Lion Consulting\" \/>\n<meta property=\"og:url\" content=\"https:\/\/www.lionconsulting.cz\/en\/kontakty\/\" \/>\n<meta property=\"og:site_name\" content=\"Lion Consulting\" \/>\n<meta property=\"article:modified_time\" content=\"2021-02-26T21:14:30+00:00\" \/>\n<meta name=\"twitter:card\" content=\"summary_large_image\" \/>\n<meta name=\"twitter:label1\" content=\"Estimated reading time\" \/>\n\t<meta name=\"twitter:data1\" content=\"2 minutes\" \/>\n<script type=\"application\/ld+json\" class=\"yoast-schema-graph\">{\"@context\":\"https:\/\/schema.org\",\"@graph\":[{\"@type\":\"Organization\",\"@id\":\"https:\/\/www.lionconsulting.cz\/#organization\",\"name\":\"Lion Consulting s.r.o.\",\"url\":\"https:\/\/www.lionconsulting.cz\/\",\"sameAs\":[],\"logo\":{\"@type\":\"ImageObject\",\"@id\":\"https:\/\/www.lionconsulting.cz\/#logo\",\"inLanguage\":\"en-GB\",\"url\":\"https:\/\/www.lionconsulting.cz\/wp-content\/uploads\/2020\/03\/logo-v6.jpg\",\"contentUrl\":\"https:\/\/www.lionconsulting.cz\/wp-content\/uploads\/2020\/03\/logo-v6.jpg\",\"width\":1476,\"height\":482,\"caption\":\"Lion Consulting s.r.o.\"},\"image\":{\"@id\":\"https:\/\/www.lionconsulting.cz\/#logo\"}},{\"@type\":\"WebSite\",\"@id\":\"https:\/\/www.lionconsulting.cz\/#website\",\"url\":\"https:\/\/www.lionconsulting.cz\/\",\"name\":\"Lion Consulting\",\"description\":\"\\u00da\\u010detnictv\\u00ed, dan\\u011b, mzdy a personalistika\",\"publisher\":{\"@id\":\"https:\/\/www.lionconsulting.cz\/#organization\"},\"potentialAction\":[{\"@type\":\"SearchAction\",\"target\":{\"@type\":\"EntryPoint\",\"urlTemplate\":\"https:\/\/www.lionconsulting.cz\/?s={search_term_string}\"},\"query-input\":\"required name=search_term_string\"}],\"inLanguage\":\"en-GB\"},{\"@type\":\"WebPage\",\"@id\":\"https:\/\/www.lionconsulting.cz\/kontakty\/#webpage\",\"url\":\"https:\/\/www.lionconsulting.cz\/kontakty\/\",\"name\":\"Kontakty &middot; Lion Consulting\",\"isPartOf\":{\"@id\":\"https:\/\/www.lionconsulting.cz\/#website\"},\"datePublished\":\"2013-09-06T15:19:20+00:00\",\"dateModified\":\"2021-02-26T21:14:30+00:00\",\"breadcrumb\":{\"@id\":\"https:\/\/www.lionconsulting.cz\/kontakty\/#breadcrumb\"},\"inLanguage\":\"en-GB\",\"potentialAction\":[{\"@type\":\"ReadAction\",\"target\":[\"https:\/\/www.lionconsulting.cz\/kontakty\/\"]}]},{\"@type\":\"BreadcrumbList\",\"@id\":\"https:\/\/www.lionconsulting.cz\/kontakty\/#breadcrumb\",\"itemListElement\":[{\"@type\":\"ListItem\",\"position\":1,\"name\":\"Dom\\u016f\",\"item\":\"https:\/\/www.lionconsulting.cz\/\"},{\"@type\":\"ListItem\",\"position\":2,\"name\":\"Kontakty\"}]}]}<\/script>\n<!-- \/ Yoast SEO plugin. -->","yoast_head_json":{"title":"Kontakty &middot; Lion Consulting","robots":{"index":"index","follow":"follow","max-snippet":"max-snippet:-1","max-image-preview":"max-image-preview:large","max-video-preview":"max-video-preview:-1"},"canonical":"https:\/\/www.lionconsulting.cz\/en\/kontakty\/","og_locale":"en_GB","og_type":"article","og_title":"Kontakty &middot; Lion Consulting","og_url":"https:\/\/www.lionconsulting.cz\/en\/kontakty\/","og_site_name":"Lion Consulting","article_modified_time":"2021-02-26T21:14:30+00:00","twitter_card":"summary_large_image","twitter_misc":{"Estimated reading time":"2 minutes"},"schema":{"@context":"https:\/\/schema.org","@graph":[{"@type":"Organization","@id":"https:\/\/www.lionconsulting.cz\/#organization","name":"Lion Consulting s.r.o.","url":"https:\/\/www.lionconsulting.cz\/","sameAs":[],"logo":{"@type":"ImageObject","@id":"https:\/\/www.lionconsulting.cz\/#logo","inLanguage":"en-GB","url":"https:\/\/www.lionconsulting.cz\/wp-content\/uploads\/2020\/03\/logo-v6.jpg","contentUrl":"https:\/\/www.lionconsulting.cz\/wp-content\/uploads\/2020\/03\/logo-v6.jpg","width":1476,"height":482,"caption":"Lion Consulting s.r.o."},"image":{"@id":"https:\/\/www.lionconsulting.cz\/#logo"}},{"@type":"WebSite","@id":"https:\/\/www.lionconsulting.cz\/#website","url":"https:\/\/www.lionconsulting.cz\/","name":"Lion Consulting","description":"\u00da\u010detnictv\u00ed, dan\u011b, mzdy a personalistika","publisher":{"@id":"https:\/\/www.lionconsulting.cz\/#organization"},"potentialAction":[{"@type":"SearchAction","target":{"@type":"EntryPoint","urlTemplate":"https:\/\/www.lionconsulting.cz\/?s={search_term_string}"},"query-input":"required name=search_term_string"}],"inLanguage":"en-GB"},{"@type":"WebPage","@id":"https:\/\/www.lionconsulting.cz\/kontakty\/#webpage","url":"https:\/\/www.lionconsulting.cz\/kontakty\/","name":"Kontakty &middot; Lion Consulting","isPartOf":{"@id":"https:\/\/www.lionconsulting.cz\/#website"},"datePublished":"2013-09-06T15:19:20+00:00","dateModified":"2021-02-26T21:14:30+00:00","breadcrumb":{"@id":"https:\/\/www.lionconsulting.cz\/kontakty\/#breadcrumb"},"inLanguage":"en-GB","potentialAction":[{"@type":"ReadAction","target":["https:\/\/www.lionconsulting.cz\/kontakty\/"]}]},{"@type":"BreadcrumbList","@id":"https:\/\/www.lionconsulting.cz\/kontakty\/#breadcrumb","itemListElement":[{"@type":"ListItem","position":1,"name":"Dom\u016f","item":"https:\/\/www.lionconsulting.cz\/"},{"@type":"ListItem","position":2,"name":"Kontakty"}]}]}},"_links":{"self":[{"href":"https:\/\/www.lionconsulting.cz\/en\/wp-json\/wp\/v2\/pages\/1437"}],"collection":[{"href":"https:\/\/www.lionconsulting.cz\/en\/wp-json\/wp\/v2\/pages"}],"about":[{"href":"https:\/\/www.lionconsulting.cz\/en\/wp-json\/wp\/v2\/types\/page"}],"author":[{"embeddable":true,"href":"https:\/\/www.lionconsulting.cz\/en\/wp-json\/wp\/v2\/users\/1"}],"replies":[{"embeddable":true,"href":"https:\/\/www.lionconsulting.cz\/en\/wp-json\/wp\/v2\/comments?post=1437"}],"version-history":[{"count":65,"href":"https:\/\/www.lionconsulting.cz\/en\/wp-json\/wp\/v2\/pages\/1437\/revisions"}],"predecessor-version":[{"id":8527,"href":"https:\/\/www.lionconsulting.cz\/en\/wp-json\/wp\/v2\/pages\/1437\/revisions\/8527"}],"wp:attachment":[{"href":"https:\/\/www.lionconsulting.cz\/en\/wp-json\/wp\/v2\/media?parent=1437"}],"curies":[{"name":"wp","href":"https:\/\/api.w.org\/{rel}","templated":true}]}}